{"id":1317,"date":"2024-03-06T09:37:28","date_gmt":"2024-03-06T09:37:28","guid":{"rendered":"https:\/\/kigus.es\/?post_type=product&#038;p=1317"},"modified":"2025-12-06T14:33:07","modified_gmt":"2025-12-06T14:33:07","slug":"kigu-choper","status":"publish","type":"product","link":"https:\/\/kigus.es\/index.php\/product\/kigu-choper\/","title":{"rendered":"Kigu CHOPER"},"content":{"rendered":"","protected":false},"excerpt":{"rendered":"<p>\u00a1Llevate la aventura de One Piece a casa con el Kigu de Chopper! Con su\u00a0 bolsita de medicinas, esta adorable figura es un tesoro para cualquier fan. \u00a1Colecci\u00f3nala y \u00fanete a la tripulaci\u00f3n del Sombrero de Paja!<\/p>\n","protected":false},"featured_media":1318,"comment_status":"open","ping_status":"closed","template":"","meta":{"om_disable_all_campaigns":false,"_monsterinsights_skip_tracking":false,"_monsterinsights_sitenote_active":false,"_monsterinsights_sitenote_note":"","_monsterinsights_sitenote_category":0,"site-sidebar-layout":"default","site-content-layout":"content-boxed-container","ast-site-content-layout":"normal-width-container","site-content-style":"boxed","site-sidebar-style":"unboxed","ast-global-header-display":"","ast-banner-title-visibility":"","ast-main-header-display":"","ast-hfb-above-header-display":"","ast-hfb-below-header-display":"","ast-hfb-mobile-header-display":"","site-post-title":"","ast-breadcrumbs-content":"","ast-featured-img":"","footer-sml-layout":"","theme-transparent-header-meta":"default","adv-header-id-meta":"","stick-header-meta":"","header-above-stick-meta":"","header-main-stick-meta":"","header-below-stick-meta":"","astra-migrate-meta-layouts":"set","ast-page-background-enabled":"default","ast-page-background-meta":{"desktop":{"background-color":"var(--ast-global-color-4)","background-image":"","background-repeat":"repeat","background-position":"center center","background-size":"auto","background-attachment":"scroll","background-type":"","background-media":"","overlay-type":"","overlay-color":"","overlay-gradient":""},"tablet":{"background-color":"","background-image":"","background-repeat":"repeat","background-position":"center center","background-size":"auto","background-attachment":"scroll","background-type":"","background-media":"","overlay-type":"","overlay-color":"","overlay-gradient":""},"mobile":{"background-color":"","background-image":"","background-repeat":"repeat","background-position":"center center","background-size":"auto","background-attachment":"scroll","background-type":"","background-media":"","overlay-type":"","overlay-color":"","overlay-gradient":""}},"ast-content-background-meta":{"desktop":{"background-color":"var(--ast-global-color-5)","background-image":"","background-repeat":"repeat","background-position":"center center","background-size":"auto","background-attachment":"scroll","background-type":"","background-media":"","overlay-type":"","overlay-color":"","overlay-gradient":""},"tablet":{"background-color":"var(--ast-global-color-5)","background-image":"","background-repeat":"repeat","background-position":"center center","background-size":"auto","background-attachment":"scroll","background-type":"","background-media":"","overlay-type":"","overlay-color":"","overlay-gradient":""},"mobile":{"background-color":"var(--ast-global-color-5)","background-image":"","background-repeat":"repeat","background-position":"center center","background-size":"auto","background-attachment":"scroll","background-type":"","background-media":"","overlay-type":"","overlay-color":"","overlay-gradient":""}}},"product_cat":[16,17],"product_tag":[],"_links":{"self":[{"href":"https:\/\/kigus.es\/index.php\/wp-json\/wp\/v2\/product\/1317"}],"collection":[{"href":"https:\/\/kigus.es\/index.php\/wp-json\/wp\/v2\/product"}],"about":[{"href":"https:\/\/kigus.es\/index.php\/wp-json\/wp\/v2\/types\/product"}],"replies":[{"embeddable":true,"href":"https:\/\/kigus.es\/index.php\/wp-json\/wp\/v2\/comments?post=1317"}],"version-history":[{"count":1,"href":"https:\/\/kigus.es\/index.php\/wp-json\/wp\/v2\/product\/1317\/revisions"}],"predecessor-version":[{"id":1319,"href":"https:\/\/kigus.es\/index.php\/wp-json\/wp\/v2\/product\/1317\/revisions\/1319"}],"wp:featuredmedia":[{"embeddable":true,"href":"https:\/\/kigus.es\/index.php\/wp-json\/wp\/v2\/media\/1318"}],"wp:attachment":[{"href":"https:\/\/kigus.es\/index.php\/wp-json\/wp\/v2\/media?parent=1317"}],"wp:term":[{"taxonomy":"product_cat","embeddable":true,"href":"https:\/\/kigus.es\/index.php\/wp-json\/wp\/v2\/product_cat?post=1317"},{"taxonomy":"product_tag","embeddable":true,"href":"https:\/\/kigus.es\/index.php\/wp-json\/wp\/v2\/product_tag?post=1317"}],"curies":[{"name":"wp","href":"https:\/\/api.w.org\/{rel}","templated":true}]}}